{"id":1112,"date":"2022-01-07T11:08:52","date_gmt":"2022-01-07T11:08:52","guid":{"rendered":"https:\/\/el4.thembaydev.com\/fana\/?page_id=1112"},"modified":"2025-06-06T23:49:00","modified_gmt":"2025-06-06T23:49:00","slug":"newsletter","status":"publish","type":"page","link":"https:\/\/kejoa.com\/?page_id=1112","title":{"rendered":"Newsletter"},"content":{"rendered":"\t\t<div data-elementor-type=\"wp-page\" data-elementor-id=\"1112\" class=\"elementor elementor-1112\">\n\t\t\t\t\t\t<section class=\"elementor-section elementor-top-section elementor-element elementor-element-d88ef73 elementor-section-boxed elementor-section-height-default elementor-section-height-default\" data-id=\"d88ef73\" data-element_type=\"section\">\n\t\t\t\t\t\t<div class=\"elementor-container elementor-column-gap-default\">\n\t\t\t\t\t<div class=\"elementor-column elementor-col-100 elementor-top-column elementor-element elementor-element-054c2f0\" data-id=\"054c2f0\" data-element_type=\"column\">\n\t\t\t<div class=\"elementor-widget-wrap elementor-element-populated\">\n\t\t\t\t\t\t<div class=\"elementor-element elementor-element-f1bebf5 elementor-widget elementor-widget-heading\" data-id=\"f1bebf5\" data-element_type=\"widget\" data-widget_type=\"heading.default\">\n\t\t\t\t<div class=\"elementor-widget-container\">\n\t\t\t\t\t<h2 class=\"elementor-heading-title elementor-size-default\">Newsletter Kejoa Cosmetics\n<\/h2>\t\t\t\t<\/div>\n\t\t\t\t<\/div>\n\t\t\t\t<div class=\"elementor-element elementor-element-a8df1eb elementor-widget elementor-widget-text-editor\" data-id=\"a8df1eb\" data-element_type=\"widget\" data-widget_type=\"text-editor.default\">\n\t\t\t\t<div class=\"elementor-widget-container\">\n\t\t\t\t\t\t\t\t\t<p><span style=\"font-weight: 400;\">Restez connect\u00e9(e) avec Kejoa Cosmetics gr\u00e2ce \u00e0 notre newsletter exclusive ! Inscrivez-vous pour recevoir directement dans votre bo\u00eete mail toutes nos actualit\u00e9s, conseils beaut\u00e9, offres sp\u00e9ciales et bien plus encore.<\/span><\/p>\t\t\t\t\t\t\t\t<\/div>\n\t\t\t\t<\/div>\n\t\t\t\t\t<\/div>\n\t\t<\/div>\n\t\t\t\t\t<\/div>\n\t\t<\/section>\n\t\t\t\t<section class=\"elementor-section elementor-top-section elementor-element elementor-element-34e0702 elementor-section-boxed elementor-section-height-default elementor-section-height-default\" data-id=\"34e0702\" data-element_type=\"section\">\n\t\t\t\t\t\t<div class=\"elementor-container elementor-column-gap-default\">\n\t\t\t\t\t<div class=\"elementor-column elementor-col-100 elementor-top-column elementor-element elementor-element-b16afa2\" data-id=\"b16afa2\" data-element_type=\"column\">\n\t\t\t<div class=\"elementor-widget-wrap elementor-element-populated\">\n\t\t\t\t\t\t<div class=\"elementor-element elementor-element-a57acc4 elementor-widget elementor-widget-heading\" data-id=\"a57acc4\" data-element_type=\"widget\" data-widget_type=\"heading.default\">\n\t\t\t\t<div class=\"elementor-widget-container\">\n\t\t\t\t\t<h2 class=\"elementor-heading-title elementor-size-default\">Pourquoi s\u2019abonner \u00e0 la newsletter Kejoa ?<\/h2>\t\t\t\t<\/div>\n\t\t\t\t<\/div>\n\t\t\t\t<div class=\"elementor-element elementor-element-a043916 elementor-widget elementor-widget-text-editor\" data-id=\"a043916\" data-element_type=\"widget\" data-widget_type=\"text-editor.default\">\n\t\t\t\t<div class=\"elementor-widget-container\">\n\t\t\t\t\t\t\t\t\t<ul><li style=\"font-weight: 400;\" aria-level=\"1\"><span style=\"font-weight: 400;\">D\u00e9couvrir nos nouveaut\u00e9s en avant-premi\u00e8re<\/span><span style=\"font-weight: 400;\"><br \/><\/span><span style=\"font-weight: 400;\">Soyez les premiers inform\u00e9s des lancements de produits, des \u00e9ditions limit\u00e9es et des innovations sign\u00e9es Kejoa.<\/span><\/li><li style=\"font-weight: 400;\" aria-level=\"1\"><span style=\"font-weight: 400;\">Profiter d\u2019offres exclusives<\/span><span style=\"font-weight: 400;\"><br \/><\/span><span style=\"font-weight: 400;\">B\u00e9n\u00e9ficiez d\u2019avantages r\u00e9serv\u00e9s \u00e0 nos abonn\u00e9s : promotions, cadeaux, invitations \u00e0 des \u00e9v\u00e9nements priv\u00e9s et ateliers beaut\u00e9.<\/span><\/li><li style=\"font-weight: 400;\" aria-level=\"1\"><span style=\"font-weight: 400;\">Recevoir des conseils personnalis\u00e9s<\/span><span style=\"font-weight: 400;\"><br \/><\/span><span style=\"font-weight: 400;\">Acc\u00e9dez \u00e0 des astuces beaut\u00e9 naturelles, des routines adapt\u00e9es \u00e0 votre type de peau et cheveux, et des recettes DIY pour sublimer votre beaut\u00e9 au quotidien.<\/span><\/li><\/ul><p><span style=\"font-weight: 400;\">Suivre notre engagement<\/span><span style=\"font-weight: 400;\"><br \/><\/span><span style=\"font-weight: 400;\">D\u00e9couvrez nos actions en faveur de l\u2019environnement, du d\u00e9veloppement durable et du soutien aux communaut\u00e9s locales du Bas-Congo.<\/span><\/p>\t\t\t\t\t\t\t\t<\/div>\n\t\t\t\t<\/div>\n\t\t\t\t\t<\/div>\n\t\t<\/div>\n\t\t\t\t\t<\/div>\n\t\t<\/section>\n\t\t\t\t<section class=\"elementor-section elementor-top-section elementor-element elementor-element-23f7c37 elementor-section-boxed elementor-section-height-default elementor-section-height-default\" data-id=\"23f7c37\" data-element_type=\"section\">\n\t\t\t\t\t\t<div class=\"elementor-container elementor-column-gap-default\">\n\t\t\t\t\t<div class=\"elementor-column elementor-col-100 elementor-top-column elementor-element elementor-element-21992df\" data-id=\"21992df\" data-element_type=\"column\">\n\t\t\t<div class=\"elementor-widget-wrap elementor-element-populated\">\n\t\t\t\t\t\t<div class=\"elementor-element elementor-element-6faca8d elementor-widget elementor-widget-heading\" data-id=\"6faca8d\" data-element_type=\"widget\" data-widget_type=\"heading.default\">\n\t\t\t\t<div class=\"elementor-widget-container\">\n\t\t\t\t\t<h2 class=\"elementor-heading-title elementor-size-default\">Newsletter Kejoa Cosmetics\n<\/h2>\t\t\t\t<\/div>\n\t\t\t\t<\/div>\n\t\t\t\t<div class=\"elementor-element elementor-element-68c8c64 elementor-widget elementor-widget-text-editor\" data-id=\"68c8c64\" data-element_type=\"widget\" data-widget_type=\"text-editor.default\">\n\t\t\t\t<div class=\"elementor-widget-container\">\n\t\t\t\t\t\t\t\t\t<p dir=\"ltr\" style=\"line-height: 1.3800000000000001; text-align: justify; margin-top: 0pt; margin-bottom: 0pt;\"><span style=\"font-size: 12pt; font-family: Roboto,sans-serif; color: #000000; background-color: transparent; font-weight: 400; font-style: normal; font-variant: normal; text-decoration: none; vertical-align: baseline; white-space: pre-wrap;\">Il vous suffit de remplir le formulaire ci-dessous avec votre adresse email. L\u2019inscription est gratuite, simple et vous pouvez vous d\u00e9sabonner \u00e0 tout moment.<\/span><\/p><p>\u00a0<\/p><p dir=\"ltr\" style=\"line-height: 1.3800000000000001; text-align: justify; margin-top: 0pt; margin-bottom: 0pt;\"><span style=\"font-size: 12pt; font-family: Roboto,sans-serif; color: #000000; background-color: transparent; font-weight: 400; font-style: normal; font-variant: normal; text-decoration: none; vertical-align: baseline; white-space: pre-wrap;\">Rejoignez la communaut\u00e9 Kejoa et vivez une exp\u00e9rience beaut\u00e9 authentique, naturelle et engag\u00e9e !<\/span><\/p>\t\t\t\t\t\t\t\t<\/div>\n\t\t\t\t<\/div>\n\t\t\t\t<div class=\"elementor-element elementor-element-b101196 elementor-widget elementor-widget-tbay-newsletter\" data-id=\"b101196\" data-element_type=\"widget\" data-widget_type=\"tbay-newsletter.default\">\n\t\t\t\t<div class=\"elementor-widget-container\">\n\t\t\t\t\t\r\n<div class=\"tbay-element tbay-element-newsletter\">\r\n\t<script>(function() {\n\twindow.mc4wp = window.mc4wp || {\n\t\tlisteners: [],\n\t\tforms: {\n\t\t\ton: function(evt, cb) {\n\t\t\t\twindow.mc4wp.listeners.push(\n\t\t\t\t\t{\n\t\t\t\t\t\tevent   : evt,\n\t\t\t\t\t\tcallback: cb\n\t\t\t\t\t}\n\t\t\t\t);\n\t\t\t}\n\t\t}\n\t}\n})();\n<\/script><!-- Mailchimp for WordPress v4.10.4 - https:\/\/wordpress.org\/plugins\/mailchimp-for-wp\/ --><form id=\"mc4wp-form-1\" class=\"mc4wp-form mc4wp-form-1023\" method=\"post\" data-id=\"1023\" data-name=\"Newsletter\" ><div class=\"mc4wp-form-fields\"><input class=\"form-control input-newletter mc4wp_email\" name=\"EMAIL\" required=\"\" type=\"email\" placeholder=\"Enter your email...\"> \r\n<button type=\"submit\" value=\"Submit\"> Subscribe <\/button><\/div><label style=\"display: none !important;\">Laissez ce champ vide si vous \u00eates humain\u00a0: <input type=\"text\" name=\"_mc4wp_honeypot\" value=\"\" tabindex=\"-1\" autocomplete=\"off\" \/><\/label><input type=\"hidden\" name=\"_mc4wp_timestamp\" value=\"1777652541\" \/><input type=\"hidden\" name=\"_mc4wp_form_id\" value=\"1023\" \/><input type=\"hidden\" name=\"_mc4wp_form_element_id\" value=\"mc4wp-form-1\" \/><div class=\"mc4wp-response\"><\/div><\/form><!-- \/ Mailchimp for WordPress Plugin --><\/div>\t\t\t\t<\/div>\n\t\t\t\t<\/div>\n\t\t\t\t\t<\/div>\n\t\t<\/div>\n\t\t\t\t\t<\/div>\n\t\t<\/section>\n\t\t\t\t<\/div>\n\t\t","protected":false},"excerpt":{"rendered":"<p>Newsletter Kejoa Cosmetics Restez connect\u00e9(e) avec Kejoa Cosmetics gr\u00e2ce \u00e0 notre newsletter exclusive ! Inscrivez-vous pour recevoir directement dans votre bo\u00eete mail toutes nos actualit\u00e9s, conseils beaut\u00e9, offres sp\u00e9ciales et bien plus encore. Pourquoi s\u2019abonner \u00e0 la newsletter Kejoa ? D\u00e9couvrir nos nouveaut\u00e9s en avant-premi\u00e8reSoyez les premiers inform\u00e9s des lancements de produits, des \u00e9ditions limit\u00e9es &hellip; <a href=\"https:\/\/kejoa.com\/?page_id=1112\" class=\"more-link\">Continue reading <span class=\"screen-reader-text\">Newsletter<\/span><\/a><\/p>\n","protected":false},"author":1,"featured_media":0,"parent":0,"menu_order":0,"comment_status":"closed","ping_status":"closed","template":"","meta":{"footnotes":""},"class_list":["post-1112","page","type-page","status-publish","hentry"],"_links":{"self":[{"href":"https:\/\/kejoa.com\/index.php?rest_route=\/wp\/v2\/pages\/1112","targetHints":{"allow":["GET"]}}],"collection":[{"href":"https:\/\/kejoa.com\/index.php?rest_route=\/wp\/v2\/pages"}],"about":[{"href":"https:\/\/kejoa.com\/index.php?rest_route=\/wp\/v2\/types\/page"}],"author":[{"embeddable":true,"href":"https:\/\/kejoa.com\/index.php?rest_route=\/wp\/v2\/users\/1"}],"replies":[{"embeddable":true,"href":"https:\/\/kejoa.com\/index.php?rest_route=%2Fwp%2Fv2%2Fcomments&post=1112"}],"version-history":[{"count":9,"href":"https:\/\/kejoa.com\/index.php?rest_route=\/wp\/v2\/pages\/1112\/revisions"}],"predecessor-version":[{"id":5769,"href":"https:\/\/kejoa.com\/index.php?rest_route=\/wp\/v2\/pages\/1112\/revisions\/5769"}],"wp:attachment":[{"href":"https:\/\/kejoa.com\/index.php?rest_route=%2Fwp%2Fv2%2Fmedia&parent=1112"}],"curies":[{"name":"wp","href":"https:\/\/api.w.org\/{rel}","templated":true}]}}