{"id":5535,"date":"2025-05-30T23:15:29","date_gmt":"2025-05-30T23:15:29","guid":{"rendered":"https:\/\/kejoa.com\/?post_type=product&#038;p=5535"},"modified":"2025-06-03T15:55:23","modified_gmt":"2025-06-03T15:55:23","slug":"huile-virge-de-courge","status":"publish","type":"product","link":"https:\/\/kejoa.com\/?product=huile-virge-de-courge","title":{"rendered":"Huile virge de courge"},"content":{"rendered":"<p><span style=\"font-weight: 400;\">\u00a0\u00a0Premi\u00e8re pression \u00e0 froid \u2013 100 % bio\u00a0<\/span><\/p>\n<ul>\n<li><span style=\"font-weight: 400;\"> Riche en om\u00e9ga-6\/9, zinc et phytost\u00e9rols<\/span><span style=\"font-weight: 400;\"><br \/>\n<\/span><span style=\"font-weight: 400;\">\u2022 Nourrit et fortifie cheveux, barbe et ongles<\/span><span style=\"font-weight: 400;\"><br \/>\n<\/span><span style=\"font-weight: 400;\">\u2022 R\u00e9g\u00e9n\u00e8re, \u00e9quilibre et assouplit la peau<\/span><\/li>\n<\/ul>\n<p><span style=\"font-weight: 400;\">Appliquer quelques gouttes sur cuir chevelu ou visage propre, masser ; peut s\u2019utiliser en bain d\u2019huile avant shampooing ou en soin quotidien sans rin\u00e7age.<\/span><\/p>\n<p><span style=\"font-weight: 400;\">Origine : graines de courge issues de l\u2019agriculture biologique du Kongo-Central.<\/span><span style=\"font-weight: 400;\"><br \/>\n<\/span><span style=\"font-weight: 400;\">Sans additifs, v\u00e9gan &amp; \u00e9quitable.<\/span><\/p>\n","protected":false},"excerpt":{"rendered":"<p><span style=\"font-weight: 400;\">\u00a0\u00a0Premi\u00e8re pression \u00e0 froid \u2013 100 % bio\u00a0<\/span><\/p>\n<ul>\n<li><span style=\"font-weight: 400;\"> Riche en om\u00e9ga-6\/9, zinc et phytost\u00e9rols<\/span><span style=\"font-weight: 400;\"><br \/>\n<\/span><span style=\"font-weight: 400;\">\u2022 Nourrit et fortifie cheveux, barbe et ongles<\/span><span style=\"font-weight: 400;\"><br \/>\n<\/span><span style=\"font-weight: 400;\">\u2022 R\u00e9g\u00e9n\u00e8re, \u00e9quilibre et assouplit la peau<\/span><\/li>\n<\/ul>\n<p><span style=\"font-weight: 400;\">Appliquer quelques gouttes sur cuir chevelu ou visage propre, masser ; peut s\u2019utiliser en bain d\u2019huile avant shampooing ou en soin quotidien sans rin\u00e7age.<\/span><\/p>\n<p><span style=\"font-weight: 400;\">Origine : graines de courge issues de l\u2019agriculture biologique du Kongo-Central.<\/span><span style=\"font-weight: 400;\"><br \/>\n<\/span><span style=\"font-weight: 400;\">Sans additifs, v\u00e9gan &amp; \u00e9quitable.<\/span><\/p>\n","protected":false},"featured_media":5518,"comment_status":"open","ping_status":"closed","template":"","meta":[],"product_brand":[],"product_cat":[91,94],"product_tag":[],"class_list":{"0":"post-5535","1":"product","2":"type-product","3":"status-publish","4":"has-post-thumbnail","6":"product_cat-peau","7":"product_cat-tout","10":"instock","11":"shipping-taxable","12":"purchasable","13":"product-type-simple"},"_links":{"self":[{"href":"https:\/\/kejoa.com\/index.php?rest_route=\/wp\/v2\/product\/5535","targetHints":{"allow":["GET"]}}],"collection":[{"href":"https:\/\/kejoa.com\/index.php?rest_route=\/wp\/v2\/product"}],"about":[{"href":"https:\/\/kejoa.com\/index.php?rest_route=\/wp\/v2\/types\/product"}],"replies":[{"embeddable":true,"href":"https:\/\/kejoa.com\/index.php?rest_route=%2Fwp%2Fv2%2Fcomments&post=5535"}],"version-history":[{"count":2,"href":"https:\/\/kejoa.com\/index.php?rest_route=\/wp\/v2\/product\/5535\/revisions"}],"predecessor-version":[{"id":5708,"href":"https:\/\/kejoa.com\/index.php?rest_route=\/wp\/v2\/product\/5535\/revisions\/5708"}],"wp:featuredmedia":[{"embeddable":true,"href":"https:\/\/kejoa.com\/index.php?rest_route=\/wp\/v2\/media\/5518"}],"wp:attachment":[{"href":"https:\/\/kejoa.com\/index.php?rest_route=%2Fwp%2Fv2%2Fmedia&parent=5535"}],"wp:term":[{"taxonomy":"product_brand","embeddable":true,"href":"https:\/\/kejoa.com\/index.php?rest_route=%2Fwp%2Fv2%2Fproduct_brand&post=5535"},{"taxonomy":"product_cat","embeddable":true,"href":"https:\/\/kejoa.com\/index.php?rest_route=%2Fwp%2Fv2%2Fproduct_cat&post=5535"},{"taxonomy":"product_tag","embeddable":true,"href":"https:\/\/kejoa.com\/index.php?rest_route=%2Fwp%2Fv2%2Fproduct_tag&post=5535"}],"curies":[{"name":"wp","href":"https:\/\/api.w.org\/{rel}","templated":true}]}}