{"id":5539,"date":"2025-05-30T23:19:09","date_gmt":"2025-05-30T23:19:09","guid":{"rendered":"https:\/\/kejoa.com\/?post_type=product&#038;p=5539"},"modified":"2025-06-03T15:49:09","modified_gmt":"2025-06-03T15:49:09","slug":"lotion-raffermissante-pour-le-buste","status":"publish","type":"product","link":"https:\/\/kejoa.com\/?product=lotion-raffermissante-pour-le-buste","title":{"rendered":"Lotion raffermissante pour le buste"},"content":{"rendered":"<p><b>Kejoa \u00b7 Cr\u00e8me Raffermissante Buste<\/b><span style=\"font-weight: 400;\"><br \/>\n<\/span><span style=\"font-weight: 400;\">Kigelia africana \u00b7 maca bio \u00b7 huile d\u2019akpi<\/span><span style=\"font-weight: 400;\"><br \/>\n<\/span><span style=\"font-weight: 400;\">Fermet\u00e9 &amp; \u00e9lasticit\u00e9 tonique \u2013 d\u00e9collet\u00e9 sublim\u00e9<\/span><span style=\"font-weight: 400;\"><br \/>\n<\/span><span style=\"font-weight: 400;\">100% d\u2019origine naturelle \u00b7 sans silicones\/parab\u00e8nes<\/span><span style=\"font-weight: 400;\"><br \/>\n<\/span><span style=\"font-weight: 400;\">Appliquer matin &amp; soir, masser du bas vers le haut.<\/span><span style=\"font-weight: 400;\"><br \/>\n<\/span><span style=\"font-weight: 400;\">Artisanal &amp; \u00e9quitable \u2013 RDC.<\/span><\/p>\n","protected":false},"excerpt":{"rendered":"<p><b>Kejoa \u00b7 Cr\u00e8me Raffermissante Buste<\/b><span style=\"font-weight: 400;\"><br \/>\n<\/span><span style=\"font-weight: 400;\">Kigelia africana \u00b7 maca bio \u00b7 huile d\u2019akpi<\/span><span style=\"font-weight: 400;\"><br \/>\n<\/span><span style=\"font-weight: 400;\">Fermet\u00e9 &amp; \u00e9lasticit\u00e9 tonique \u2013 d\u00e9collet\u00e9 sublim\u00e9<\/span><span style=\"font-weight: 400;\"><br \/>\n<\/span><span style=\"font-weight: 400;\">100% d\u2019origine naturelle \u00b7 sans silicones\/parab\u00e8nes<\/span><span style=\"font-weight: 400;\"><br \/>\n<\/span><span style=\"font-weight: 400;\">Appliquer matin &amp; soir, masser du bas vers le haut.<\/span><span style=\"font-weight: 400;\"><br \/>\n<\/span><span style=\"font-weight: 400;\">Artisanal &amp; \u00e9quitable \u2013 RDC.<\/span><\/p>\n","protected":false},"featured_media":5522,"comment_status":"open","ping_status":"closed","template":"","meta":[],"product_brand":[],"product_cat":[93,94],"product_tag":[],"class_list":{"0":"post-5539","1":"product","2":"type-product","3":"status-publish","4":"has-post-thumbnail","6":"product_cat-seins","7":"product_cat-tout","10":"instock","11":"shipping-taxable","12":"purchasable","13":"product-type-simple"},"_links":{"self":[{"href":"https:\/\/kejoa.com\/index.php?rest_route=\/wp\/v2\/product\/5539","targetHints":{"allow":["GET"]}}],"collection":[{"href":"https:\/\/kejoa.com\/index.php?rest_route=\/wp\/v2\/product"}],"about":[{"href":"https:\/\/kejoa.com\/index.php?rest_route=\/wp\/v2\/types\/product"}],"replies":[{"embeddable":true,"href":"https:\/\/kejoa.com\/index.php?rest_route=%2Fwp%2Fv2%2Fcomments&post=5539"}],"version-history":[{"count":2,"href":"https:\/\/kejoa.com\/index.php?rest_route=\/wp\/v2\/product\/5539\/revisions"}],"predecessor-version":[{"id":5705,"href":"https:\/\/kejoa.com\/index.php?rest_route=\/wp\/v2\/product\/5539\/revisions\/5705"}],"wp:featuredmedia":[{"embeddable":true,"href":"https:\/\/kejoa.com\/index.php?rest_route=\/wp\/v2\/media\/5522"}],"wp:attachment":[{"href":"https:\/\/kejoa.com\/index.php?rest_route=%2Fwp%2Fv2%2Fmedia&parent=5539"}],"wp:term":[{"taxonomy":"product_brand","embeddable":true,"href":"https:\/\/kejoa.com\/index.php?rest_route=%2Fwp%2Fv2%2Fproduct_brand&post=5539"},{"taxonomy":"product_cat","embeddable":true,"href":"https:\/\/kejoa.com\/index.php?rest_route=%2Fwp%2Fv2%2Fproduct_cat&post=5539"},{"taxonomy":"product_tag","embeddable":true,"href":"https:\/\/kejoa.com\/index.php?rest_route=%2Fwp%2Fv2%2Fproduct_tag&post=5539"}],"curies":[{"name":"wp","href":"https:\/\/api.w.org\/{rel}","templated":true}]}}