{"id":5551,"date":"2025-05-30T23:35:20","date_gmt":"2025-05-30T23:35:20","guid":{"rendered":"https:\/\/kejoa.com\/?post_type=product&#038;p=5551"},"modified":"2025-08-22T11:21:23","modified_gmt":"2025-08-22T11:21:23","slug":"masque-nutrition-supreme1","status":"publish","type":"product","link":"https:\/\/kejoa.com\/?product=masque-nutrition-supreme1","title":{"rendered":"Masque nutrition supreme1"},"content":{"rendered":"<p><span style=\"font-weight: 400;\">Huile de safou press\u00e9e \u00e0 froid + miel bio du Kongo-Central.<\/span><span style=\"font-weight: 400;\"><br \/>\n<\/span><span style=\"font-weight: 400;\">Nutrition intense et r\u00e9paration des cheveux secs, boucl\u00e9s ou ab\u00eem\u00e9s.<\/span><\/p>\n<p><b>Mode d\u2019emploi<\/b><span style=\"font-weight: 400;\"><br \/>\n<\/span><span style=\"font-weight: 400;\">Apr\u00e8s shampoing, appliquer g\u00e9n\u00e9reusement, laisser poser 10 min (chaleur douce conseill\u00e9e), puis rincer.<\/span><\/p>\n<p><span style=\"font-weight: 400;\">98 % d\u2019origine naturelle \u00b7 sans silicones\/parab\u00e8nes \u00b7 Artisanal &amp; \u00e9quitable \u2013 RDC.<\/span><\/p>\n<p><b>Ingr\u00e9dients cl\u00e9s<\/b><span style=\"font-weight: 400;\"><br \/>\n<\/span><span style=\"font-weight: 400;\">Huile de safou press\u00e9e \u00e0 froid \u00b7 Huile de batana \u00b7 Miel bio du Kongo-Central.<\/span><\/p>\n","protected":false},"excerpt":{"rendered":"<p><span style=\"font-weight: 400;\">Huile de safou press\u00e9e \u00e0 froid + miel bio du Kongo-Central.<\/span><span style=\"font-weight: 400;\"><br \/>\n<\/span><span style=\"font-weight: 400;\">Nutrition intense et r\u00e9paration des cheveux secs, boucl\u00e9s ou ab\u00eem\u00e9s.<\/span><\/p>\n<p>&nbsp;<\/p>\n","protected":false},"featured_media":5530,"comment_status":"open","ping_status":"closed","template":"","meta":[],"product_brand":[],"product_cat":[91,94],"product_tag":[],"class_list":{"0":"post-5551","1":"product","2":"type-product","3":"status-publish","4":"has-post-thumbnail","6":"product_cat-peau","7":"product_cat-tout","10":"onbackorder","11":"shipping-taxable","12":"purchasable","13":"product-type-simple"},"_links":{"self":[{"href":"https:\/\/kejoa.com\/index.php?rest_route=\/wp\/v2\/product\/5551","targetHints":{"allow":["GET"]}}],"collection":[{"href":"https:\/\/kejoa.com\/index.php?rest_route=\/wp\/v2\/product"}],"about":[{"href":"https:\/\/kejoa.com\/index.php?rest_route=\/wp\/v2\/types\/product"}],"replies":[{"embeddable":true,"href":"https:\/\/kejoa.com\/index.php?rest_route=%2Fwp%2Fv2%2Fcomments&post=5551"}],"version-history":[{"count":3,"href":"https:\/\/kejoa.com\/index.php?rest_route=\/wp\/v2\/product\/5551\/revisions"}],"predecessor-version":[{"id":5699,"href":"https:\/\/kejoa.com\/index.php?rest_route=\/wp\/v2\/product\/5551\/revisions\/5699"}],"wp:featuredmedia":[{"embeddable":true,"href":"https:\/\/kejoa.com\/index.php?rest_route=\/wp\/v2\/media\/5530"}],"wp:attachment":[{"href":"https:\/\/kejoa.com\/index.php?rest_route=%2Fwp%2Fv2%2Fmedia&parent=5551"}],"wp:term":[{"taxonomy":"product_brand","embeddable":true,"href":"https:\/\/kejoa.com\/index.php?rest_route=%2Fwp%2Fv2%2Fproduct_brand&post=5551"},{"taxonomy":"product_cat","embeddable":true,"href":"https:\/\/kejoa.com\/index.php?rest_route=%2Fwp%2Fv2%2Fproduct_cat&post=5551"},{"taxonomy":"product_tag","embeddable":true,"href":"https:\/\/kejoa.com\/index.php?rest_route=%2Fwp%2Fv2%2Fproduct_tag&post=5551"}],"curies":[{"name":"wp","href":"https:\/\/api.w.org\/{rel}","templated":true}]}}