{"id":5692,"date":"2025-06-03T15:10:29","date_gmt":"2025-06-03T15:10:29","guid":{"rendered":"https:\/\/kejoa.com\/?post_type=product&#038;p=5692"},"modified":"2025-06-07T06:53:10","modified_gmt":"2025-06-07T06:53:10","slug":"huile-de-safou","status":"publish","type":"product","link":"https:\/\/kejoa.com\/?product=huile-de-safou","title":{"rendered":"Huile de Safou"},"content":{"rendered":"<div dir=\"auto\">l\u2019huile de safou est riche en vitamine E qui booste la r\u00e9paration cutan\u00e9e. Elle contribue aussi \u00e0 la bonne production de collag\u00e8ne. Elle booste l\u2019\u00e9lasticit\u00e9 et la fermet\u00e9 de la peau.<\/div>\n<div dir=\"auto\">Sur les cheveux elle lutte contre les alop\u00e9cies et fait pousser les cheveux.<\/div>\n","protected":false},"excerpt":{"rendered":"<div dir=\"auto\">l\u2019huile de safou est riche en vitamine E qui booste la r\u00e9paration cutan\u00e9e. Elle contribue aussi \u00e0 la bonne production de collag\u00e8ne. Elle booste l\u2019\u00e9lasticit\u00e9 et la fermet\u00e9 de la peau.<\/div>\n<div dir=\"auto\">Sur les cheveux elle lutte contre les alop\u00e9cies et fait pousser les cheveux.<\/div>\n","protected":false},"featured_media":5809,"comment_status":"open","ping_status":"closed","template":"","meta":[],"product_brand":[],"product_cat":[92,91,94],"product_tag":[],"class_list":{"0":"post-5692","1":"product","2":"type-product","3":"status-publish","4":"has-post-thumbnail","6":"product_cat-cheveux","7":"product_cat-peau","8":"product_cat-tout","11":"instock","12":"sale","13":"shipping-taxable","14":"purchasable","15":"product-type-simple"},"_links":{"self":[{"href":"https:\/\/kejoa.com\/index.php?rest_route=\/wp\/v2\/product\/5692","targetHints":{"allow":["GET"]}}],"collection":[{"href":"https:\/\/kejoa.com\/index.php?rest_route=\/wp\/v2\/product"}],"about":[{"href":"https:\/\/kejoa.com\/index.php?rest_route=\/wp\/v2\/types\/product"}],"replies":[{"embeddable":true,"href":"https:\/\/kejoa.com\/index.php?rest_route=%2Fwp%2Fv2%2Fcomments&post=5692"}],"version-history":[{"count":1,"href":"https:\/\/kejoa.com\/index.php?rest_route=\/wp\/v2\/product\/5692\/revisions"}],"predecessor-version":[{"id":5697,"href":"https:\/\/kejoa.com\/index.php?rest_route=\/wp\/v2\/product\/5692\/revisions\/5697"}],"wp:featuredmedia":[{"embeddable":true,"href":"https:\/\/kejoa.com\/index.php?rest_route=\/wp\/v2\/media\/5809"}],"wp:attachment":[{"href":"https:\/\/kejoa.com\/index.php?rest_route=%2Fwp%2Fv2%2Fmedia&parent=5692"}],"wp:term":[{"taxonomy":"product_brand","embeddable":true,"href":"https:\/\/kejoa.com\/index.php?rest_route=%2Fwp%2Fv2%2Fproduct_brand&post=5692"},{"taxonomy":"product_cat","embeddable":true,"href":"https:\/\/kejoa.com\/index.php?rest_route=%2Fwp%2Fv2%2Fproduct_cat&post=5692"},{"taxonomy":"product_tag","embeddable":true,"href":"https:\/\/kejoa.com\/index.php?rest_route=%2Fwp%2Fv2%2Fproduct_tag&post=5692"}],"curies":[{"name":"wp","href":"https:\/\/api.w.org\/{rel}","templated":true}]}}